{"id":302,"date":"2021-11-02T21:35:36","date_gmt":"2021-11-02T20:35:36","guid":{"rendered":"https:\/\/gretakoci.com\/?page_id=302"},"modified":"2022-01-17T18:58:34","modified_gmt":"2022-01-17T17:58:34","slug":"bio","status":"publish","type":"page","link":"https:\/\/gretakoci.com\/sq\/bio\/","title":{"rendered":"Bio"},"content":{"rendered":"<div data-elementor-type=\"wp-page\" data-elementor-id=\"302\" class=\"elementor elementor-302\">\n\t\t\t\t\t\t<div class=\"elementor-inner\">\n\t\t\t\t<div class=\"elementor-section-wrap\">\n\t\t\t\t\t\t\t\t\t<section class=\"elementor-section elementor-top-section elementor-element elementor-element-095d334 elementor-section-boxed elementor-section-height-default elementor-section-height-default\" data-id=\"095d334\" data-element_type=\"section\" data-settings=\"{&quot;background_background&quot;:&quot;classic&quot;,&quot;animation&quot;:&quot;none&quot;}\">\n\t\t\t\t\t\t<div class=\"elementor-container elementor-column-gap-default\">\n\t\t\t\t\t\t\t<div class=\"elementor-row\">\n\t\t\t\t\t<div class=\"elementor-column elementor-col-100 elementor-top-column elementor-element elementor-element-5636cc8\" data-id=\"5636cc8\" data-element_type=\"column\">\n\t\t\t<div class=\"elementor-column-wrap elementor-element-populated\">\n\t\t\t\t\t\t\t<div class=\"elementor-widget-wrap\">\n\t\t\t\t\t\t<div class=\"elementor-element elementor-element-ea57e6e elementor-invisible elementor-widget elementor-widget-image\" data-id=\"ea57e6e\" data-element_type=\"widget\" data-settings=\"{&quot;_animation&quot;:&quot;fadeInUp&quot;}\" data-widget_type=\"image.default\">\n\t\t\t\t<div class=\"elementor-widget-container\">\n\t\t\t\t\t\t\t\t<div class=\"elementor-image\">\n\t\t\t\t\t\t\t\t\t\t\t\t<img width=\"300\" height=\"300\" src=\"https:\/\/gretakoci.com\/wp-content\/uploads\/2021\/11\/favicon-greta-koci-300x300.png\" class=\"attachment-medium size-medium\" alt=\"favicon greta koci\" loading=\"lazy\" srcset=\"https:\/\/gretakoci.com\/wp-content\/uploads\/2021\/11\/favicon-greta-koci-300x300.png 300w, https:\/\/gretakoci.com\/wp-content\/uploads\/2021\/11\/favicon-greta-koci.png 1024w, https:\/\/gretakoci.com\/wp-content\/uploads\/2021\/11\/favicon-greta-koci-150x150.png 150w, https:\/\/gretakoci.com\/wp-content\/uploads\/2021\/11\/favicon-greta-koci-768x768.png 768w\" sizes=\"(max-width: 300px) 100vw, 300px\" \/>\t\t\t\t\t\t\t\t\t\t\t\t\t\t<\/div>\n\t\t\t\t\t\t<\/div>\n\t\t\t\t<\/div>\n\t\t\t\t<div class=\"elementor-element elementor-element-fae4775 elementor-invisible elementor-widget elementor-widget-timeline-widget-addon\" data-id=\"fae4775\" data-element_type=\"widget\" data-settings=\"{&quot;_animation&quot;:&quot;fadeInUp&quot;}\" data-widget_type=\"timeline-widget-addon.default\">\n\t\t\t\t<div class=\"elementor-widget-container\">\n\t\t\t\r\n<div class=\"twae-vertical twae-wrapper twae-centered\">    \r\n    <div class=\"twae-timeline-centered twae-timeline-sm twae-line\"><span class=\"twae-year-container\">\r\n                <span class=\"twae-year-label twae-year\">26 Shtator 1991<\/span>\r\n            <\/span><article class=\"twae-timeline-entry twae-right-aligned\">\r\n            <div class=\"twae-timeline-entry-inner\">\r\n                <div class=\"twae-label-extra-label\">\r\n                    <span class=\"twae-label\">Publikoi k\u00ebng\u00ebn e par\u00eb \"Kush ka faj\"<\/span>\r\n                    <span class=\"twae-extra-label\">2004<\/span>\r\n                <\/div>\r\n                <div class=\"twae-icon\"><i aria-hidden=\"true\" class=\"fas fa-music\"><\/i><\/div>\r\n                <div class=\"twae-data-container\">\r\n                    <span class=\"twae-title\">Publikoi k\u00ebng\u00ebn e par\u00eb \"Kush ka faj\"<\/span>\r\n                    <div class=\"twae-timeline-img\"><\/div>\r\n                    <div class=\"twae-description\"><\/div>\r\n                <\/div>\r\n            <\/div>\r\n        <\/article><article class=\"twae-timeline-entry twae-left-aligned\">\r\n            <div class=\"twae-timeline-entry-inner\">\r\n                <div class=\"twae-label-extra-label\">\r\n                    <span class=\"twae-label\">K\u00ebnga Magjike \"Kam Mall\"<\/span>\r\n                    <span class=\"twae-extra-label\">2005<\/span>\r\n                <\/div>\r\n                <div class=\"twae-icon\"><i aria-hidden=\"true\" class=\"fas fa-music\"><\/i><\/div>\r\n                <div class=\"twae-data-container\">\r\n                    <span class=\"twae-title\">K\u00ebnga Magjike \"Kam Mall\"<\/span>\r\n                    <div class=\"twae-timeline-img\"><\/div>\r\n                    <div class=\"twae-description\"><\/div>\r\n                <\/div>\r\n            <\/div>\r\n        <\/article><article class=\"twae-timeline-entry twae-right-aligned\">\r\n            <div class=\"twae-timeline-entry-inner\">\r\n                <div class=\"twae-label-extra-label\">\r\n                    <span class=\"twae-label\">\u00c7mimi i par\u00eb - Mikrofoni i Art\u00eb \"Thuaj djalit\"<\/span>\r\n                    <span class=\"twae-extra-label\">2005<\/span>\r\n                <\/div>\r\n                <div class=\"twae-icon\"><i aria-hidden=\"true\" class=\"fas fa-medal\"><\/i><\/div>\r\n                <div class=\"twae-data-container\">\r\n                    <span class=\"twae-title\">\u00c7mimi i par\u00eb - Mikrofoni i Art\u00eb \"Thuaj djalit\"<\/span>\r\n                    <div class=\"twae-timeline-img\"><\/div>\r\n                    <div class=\"twae-description\"><\/div>\r\n                <\/div>\r\n            <\/div>\r\n        <\/article><article class=\"twae-timeline-entry twae-left-aligned\">\r\n            <div class=\"twae-timeline-entry-inner\">\r\n                <div class=\"twae-label-extra-label\">\r\n                    <span class=\"twae-label\">Publikoi albumin e par\u00eb \"Mos shiko tjet\u00ebr\"<\/span>\r\n                    <span class=\"twae-extra-label\">2006<\/span>\r\n                <\/div>\r\n                <div class=\"twae-icon\"><i aria-hidden=\"true\" class=\"fas fa-compact-disc\"><\/i><\/div>\r\n                <div class=\"twae-data-container\">\r\n                    <span class=\"twae-title\">Publikoi albumin e par\u00eb \"Mos shiko tjet\u00ebr\"<\/span>\r\n                    <div class=\"twae-timeline-img\"><\/div>\r\n                    <div class=\"twae-description\"><\/div>\r\n                <\/div>\r\n            <\/div>\r\n        <\/article><article class=\"twae-timeline-entry twae-right-aligned\">\r\n            <div class=\"twae-timeline-entry-inner\">\r\n                <div class=\"twae-label-extra-label\">\r\n                    <span class=\"twae-label\">Publikoi albumin e dyt\u00eb \"Eja zem\u00ebr\"<\/span>\r\n                    <span class=\"twae-extra-label\">2007<\/span>\r\n                <\/div>\r\n                <div class=\"twae-icon\"><i aria-hidden=\"true\" class=\"fas fa-compact-disc\"><\/i><\/div>\r\n                <div class=\"twae-data-container\">\r\n                    <span class=\"twae-title\">Publikoi albumin e dyt\u00eb \"Eja zem\u00ebr\"<\/span>\r\n                    <div class=\"twae-timeline-img\"><\/div>\r\n                    <div class=\"twae-description\"><\/div>\r\n                <\/div>\r\n            <\/div>\r\n        <\/article><article class=\"twae-timeline-entry twae-left-aligned\">\r\n            <div class=\"twae-timeline-entry-inner\">\r\n                <div class=\"twae-label-extra-label\">\r\n                    <span class=\"twae-label\">\u00c7mimi i par\u00eb - Top Fest 4 \"Sa m\u00eb lodhe\"<\/span>\r\n                    <span class=\"twae-extra-label\">2007<\/span>\r\n                <\/div>\r\n                <div class=\"twae-icon\"><i aria-hidden=\"true\" class=\"fas fa-medal\"><\/i><\/div>\r\n                <div class=\"twae-data-container\">\r\n                    <span class=\"twae-title\">\u00c7mimi i par\u00eb - Top Fest 4 \"Sa m\u00eb lodhe\"<\/span>\r\n                    <div class=\"twae-timeline-img\"><\/div>\r\n                    <div class=\"twae-description\">Add Description Here<\/div>\r\n                <\/div>\r\n            <\/div>\r\n        <\/article><article class=\"twae-timeline-entry twae-right-aligned\">\r\n            <div class=\"twae-timeline-entry-inner\">\r\n                <div class=\"twae-label-extra-label\">\r\n                    <span class=\"twae-label\">Turne komb\u00ebtar n\u00eb Shqip\u00ebri (sponsor Pepsi)<\/span>\r\n                    <span class=\"twae-extra-label\">2008<\/span>\r\n                <\/div>\r\n                <div class=\"twae-icon\"><i aria-hidden=\"true\" class=\"far fa-calendar-alt\"><\/i><\/div>\r\n                <div class=\"twae-data-container\">\r\n                    <span class=\"twae-title\">Turne komb\u00ebtar n\u00eb Shqip\u00ebri (sponsor Pepsi)<\/span>\r\n                    <div class=\"twae-timeline-img\"><img src=\"https:\/\/gretakoci.com\/wp-content\/plugins\/elementor\/assets\/images\/placeholder.png\"><\/img><\/div>\r\n                    <div class=\"twae-description\">Add Description Here<\/div>\r\n                <\/div>\r\n            <\/div>\r\n        <\/article><article class=\"twae-timeline-entry twae-left-aligned\">\r\n            <div class=\"twae-timeline-entry-inner\">\r\n                <div class=\"twae-label-extra-label\">\r\n                    <span class=\"twae-label\">Publikoi albumin e tret\u00eb \"Bam bam bam\"<\/span>\r\n                    <span class=\"twae-extra-label\">2010<\/span>\r\n                <\/div>\r\n                <div class=\"twae-icon\"><i aria-hidden=\"true\" class=\"fas fa-compact-disc\"><\/i><\/div>\r\n                <div class=\"twae-data-container\">\r\n                    <span class=\"twae-title\">Publikoi albumin e tret\u00eb \"Bam bam bam\"<\/span>\r\n                    <div class=\"twae-timeline-img\"><\/div>\r\n                    <div class=\"twae-description\"><\/div>\r\n                <\/div>\r\n            <\/div>\r\n        <\/article><article class=\"twae-timeline-entry twae-right-aligned\">\r\n            <div class=\"twae-timeline-entry-inner\">\r\n                <div class=\"twae-label-extra-label\">\r\n                    <span class=\"twae-label\">Interpretimi m\u00eb i mir\u00eb - K\u00ebnga Magjike \"Pyes veten\"<\/span>\r\n                    <span class=\"twae-extra-label\">2011<\/span>\r\n                <\/div>\r\n                <div class=\"twae-icon\"><i aria-hidden=\"true\" class=\"fas fa-medal\"><\/i><\/div>\r\n                <div class=\"twae-data-container\">\r\n                    <span class=\"twae-title\">Best Interpreter (Magic Song) &quot;Koha s&#039;ndal&quot;<\/span>\r\n                    <div class=\"twae-timeline-img\"><img src=\"https:\/\/gretakoci.com\/wp-content\/plugins\/elementor\/assets\/images\/placeholder.png\"><\/img><\/div>\r\n                    <div class=\"twae-description\">Add Description Here<\/div>\r\n                <\/div>\r\n            <\/div>\r\n        <\/article><article class=\"twae-timeline-entry twae-left-aligned\">\r\n            <div class=\"twae-timeline-entry-inner\">\r\n                <div class=\"twae-label-extra-label\">\r\n                    <span class=\"twae-label\">\u00c7mimi JON - K\u00ebnga Magjike \"M\u00eb sheh nga lart\"<\/span>\r\n                    <span class=\"twae-extra-label\">2012<\/span>\r\n                <\/div>\r\n                <div class=\"twae-icon\"><i aria-hidden=\"true\" class=\"fas fa-medal\"><\/i><\/div>\r\n                <div class=\"twae-data-container\">\r\n                    <span class=\"twae-title\">\u00c7mimi JON - K\u00ebnga Magjike \"M\u00eb sheh nga lart\"<\/span>\r\n                    <div class=\"twae-timeline-img\"><img src=\"https:\/\/gretakoci.com\/wp-content\/plugins\/elementor\/assets\/images\/placeholder.png\"><\/img><\/div>\r\n                    <div class=\"twae-description\">Add Description Here<\/div>\r\n                <\/div>\r\n            <\/div>\r\n        <\/article><\/div><\/div>\t\t<\/div>\n\t\t\t\t<\/div>\n\t\t\t\t\t\t<\/div>\n\t\t\t\t\t<\/div>\n\t\t<\/div>\n\t\t\t\t\t\t\t\t<\/div>\n\t\t\t\t\t<\/div>\n\t\t<\/section>\n\t\t\t\t\t\t\t\t\t<\/div>\n\t\t\t<\/div>\n\t\t\t\t\t<\/div>","protected":false},"excerpt":{"rendered":"<p>26 September 1991 Published first single &quot;Kush ka faj&quot; 2004 Published first single &quot;Kush ka faj&quot; Magic Song &quot;Kam mall&quot; 2005 Magic Song &quot;Kam mall&quot; Winner of Mikrofoni i Arte &quot;Thuaj djalit&quot; 2005 Winner of Mikrofoni i Arte &quot;Thuaj djalit&quot; Published 1st album &quot;Mos shiko tjeter&quot; 2006 Published 1st album &quot;Mos shiko tjeter&quot; Published 2nd&#8230;<\/p>","protected":false},"author":1,"featured_media":0,"parent":0,"menu_order":0,"comment_status":"closed","ping_status":"closed","template":"","meta":{"_kad_post_transparent":"","_kad_post_title":"hide","_kad_post_layout":"fullwidth","_kad_post_sidebar_id":"","_kad_post_content_style":"unboxed","_kad_post_vertical_padding":"hide","_kad_post_feature":"hide","_kad_post_feature_position":"","_kad_post_header":false,"_kad_post_footer":false,"spay_email":""},"_links":{"self":[{"href":"https:\/\/gretakoci.com\/sq\/wp-json\/wp\/v2\/pages\/302"}],"collection":[{"href":"https:\/\/gretakoci.com\/sq\/wp-json\/wp\/v2\/pages"}],"about":[{"href":"https:\/\/gretakoci.com\/sq\/wp-json\/wp\/v2\/types\/page"}],"author":[{"embeddable":true,"href":"https:\/\/gretakoci.com\/sq\/wp-json\/wp\/v2\/users\/1"}],"replies":[{"embeddable":true,"href":"https:\/\/gretakoci.com\/sq\/wp-json\/wp\/v2\/comments?post=302"}],"version-history":[{"count":70,"href":"https:\/\/gretakoci.com\/sq\/wp-json\/wp\/v2\/pages\/302\/revisions"}],"predecessor-version":[{"id":729,"href":"https:\/\/gretakoci.com\/sq\/wp-json\/wp\/v2\/pages\/302\/revisions\/729"}],"wp:attachment":[{"href":"https:\/\/gretakoci.com\/sq\/wp-json\/wp\/v2\/media?parent=302"}],"curies":[{"name":"wp","href":"https:\/\/api.w.org\/{rel}","templated":true}]}}